{"id":549,"date":"2017-02-24T14:37:54","date_gmt":"2017-02-24T14:37:54","guid":{"rendered":"https:\/\/questcatio.com\/?page_id=549\/"},"modified":"2019-12-16T08:28:08","modified_gmt":"2019-12-16T08:28:08","slug":"contacte","status":"publish","type":"page","link":"http:\/\/questcatio.com\/ca\/contacte\/","title":{"rendered":"Contacte"},"content":{"rendered":"<div class=\"tailor-element tailor-section tailor-58b4238ed4f1e\">\n<div class=\"tailor-section__content\">\n<div class=\"tailor-element tailor-row desktop-columns tailor-58b4238ed4f1f\">\n<div class=\"tailor-column tailor-58b4238ed4f1d\">\n<div class=\"tailor-element tailor-content tailor-58b4238ed4f1c\">\n<p><strong><span style=\"color: #00bbb3;\">CYGYC BIOCON, S.L.<\/span><\/strong><br \/>\nC\/ B\u00e8lgica, 5 (Pol. Ind. Pla de Llerona)<br \/>\n08520 Les Franqueses del Vall\u00e8s<br \/>\nBarcelona &#8211; Spain<\/p>\n<\/div>\n\n<div class=\"wpcf7 no-js\" id=\"wpcf7-f606-o1\" lang=\"es-ES\" dir=\"ltr\" data-wpcf7-id=\"606\">\n<div class=\"screen-reader-response\"><p role=\"status\" aria-live=\"polite\" aria-atomic=\"true\"><\/p> <ul><\/ul><\/div>\n<form action=\"\/ca\/wp-json\/wp\/v2\/pages\/549#wpcf7-f606-o1\" method=\"post\" class=\"wpcf7-form init\" aria-label=\"Formulario de contacto\" novalidate=\"novalidate\" data-status=\"init\">\n<div style=\"display: none;\">\n<input type=\"hidden\" name=\"_wpcf7\" value=\"606\" \/>\n<input type=\"hidden\" name=\"_wpcf7_version\" value=\"6.0.2\" \/>\n<input type=\"hidden\" name=\"_wpcf7_locale\" value=\"es_ES\" \/>\n<input type=\"hidden\" name=\"_wpcf7_unit_tag\" value=\"wpcf7-f606-o1\" \/>\n<input type=\"hidden\" name=\"_wpcf7_container_post\" value=\"0\" \/>\n<input type=\"hidden\" name=\"_wpcf7_posted_data_hash\" value=\"\" \/>\n<\/div>\n<p><label><span class=\"wpcf7-form-control-wrap\" data-name=\"your-name\"><input size=\"40\" maxlength=\"400\" class=\"wpcf7-form-control wpcf7-text wpcf7-validates-as-required\" aria-required=\"true\" aria-invalid=\"false\" placeholder=\"* Nom\" value=\"\" type=\"text\" name=\"your-name\" \/><\/span> <\/label><br \/>\n<label><span class=\"wpcf7-form-control-wrap\" data-name=\"your-company\"><input size=\"40\" maxlength=\"400\" class=\"wpcf7-form-control wpcf7-text\" aria-invalid=\"false\" placeholder=\"Empresa\" value=\"\" type=\"text\" name=\"your-company\" \/><\/span><\/label><br \/>\n<label><span class=\"wpcf7-form-control-wrap\" data-name=\"your-phone\"><input size=\"40\" maxlength=\"400\" class=\"wpcf7-form-control wpcf7-tel wpcf7-validates-as-required wpcf7-text wpcf7-validates-as-tel\" aria-required=\"true\" aria-invalid=\"false\" placeholder=\"* Tel\u00e8fon\" value=\"\" type=\"tel\" name=\"your-phone\" \/><\/span><\/label><br \/>\n<label><span class=\"wpcf7-form-control-wrap\" data-name=\"your-email\"><input size=\"40\" maxlength=\"400\" class=\"wpcf7-form-control wpcf7-email wpcf7-validates-as-required wpcf7-text wpcf7-validates-as-email\" aria-required=\"true\" aria-invalid=\"false\" placeholder=\"* Email\" value=\"\" type=\"email\" name=\"your-email\" \/><\/span> <\/label><br \/>\n<label><span class=\"wpcf7-form-control-wrap\" data-name=\"your-message\"><textarea cols=\"40\" rows=\"6\" maxlength=\"2000\" class=\"wpcf7-form-control wpcf7-textarea wpcf7-validates-as-required\" aria-required=\"true\" aria-invalid=\"false\" placeholder=\"* Missatge\" name=\"your-message\"><\/textarea><\/span><\/label>\n<\/p>\n<div>\n\t<p><span class=\"wpcf7-form-control-wrap\" data-name=\"acceptPrivacyPolicy\"><span class=\"wpcf7-form-control wpcf7-acceptance\"><span class=\"wpcf7-list-item\"><label><input type=\"checkbox\" name=\"acceptPrivacyPolicy\" value=\"1\" aria-invalid=\"false\" \/><span class=\"wpcf7-list-item-label\">He le\u00eddo, entiendo y acepto la <a href=\"\/ca\/avis-legal\/\" style=\"color:#728fc4\">pol\u00edtica de privacidad<\/a><\/span><\/label><\/span><\/span><\/span>\n\t<\/p>\n<\/div>\n<p><span class=\"wpcf7-form-control-wrap\" data-name=\"newsletter\"><span class=\"wpcf7-form-control wpcf7-checkbox\"><span class=\"wpcf7-list-item first last\"><label><input type=\"checkbox\" name=\"newsletter[]\" value=\"Marcando la casilla, nos autoriza a poderle mandar newsletters informativas.\" \/><span class=\"wpcf7-list-item-label\">Marcando la casilla, nos autoriza a poderle mandar newsletters informativas.<\/span><\/label><\/span><\/span><\/span>\n<\/p>\n<p><div id=\"cf7sr-69f5df843e02f\" class=\"cf7sr-g-recaptcha\" data-theme=\"light\" data-type=\"image\" data-size=\"normal\" data-sitekey=\"6LdWHUwUAAAAAFzEXRVtUF86gw1gvjkeieF_iNbP\"><\/div><span class=\"wpcf7-form-control-wrap cf7sr-recaptcha\" data-name=\"cf7sr-recaptcha\"><input type=\"hidden\" name=\"cf7sr-recaptcha\" value=\"\" class=\"wpcf7-form-control\"><\/span><br \/>\n<input class=\"wpcf7-form-control wpcf7-submit has-spinner\" type=\"submit\" value=\"Envia\" \/>\n<\/p><div class=\"wpcf7-response-output\" aria-hidden=\"true\"><\/div>\n<\/form>\n<\/div>\n\n<\/div>\n<div class=\"tailor-column tailor-58b4238ed4f1b\">\n<div  class=\"tailor-element tailor-map tailor-58b4238ed4f1a\" data-address=\"Carrer de B\u00e8lgica,5 08520 Les Franqueses del Vall\u00e8s\" data-zoom=\"15\" data-saturation=\"-50\"><div class=\"tailor-map__canvas\"><\/div><div  class=\"tailor-map__marker\" data-title=\"Questcatio\" data-address=\"Carrer de B\u00e8lgica,5 08520 Les Franqueses del Vall\u00e8s\"><p>Carrer de B\u00e8lgica,5<br \/>\n08520 Les Franqueses del Vall\u00e8s<\/p>\n<\/div><\/div>\n<\/div>\n<\/div>\n<table style=\"margin-top: 50px;\" border=\"1\" cellspacing=\"0\" cellpadding=\"0\">\n<tbody>\n<tr>\n<td style=\"vertical-align: middle;\" colspan=\"2\" width=\"585\">\n<h4 style=\"margin: 10px;\" align=\"center\"><strong><a style=\"color: #777;\" href=\"\/ca\/avis-legal\/\">Informaci\u00f3n b\u00e1sica sobre Protecci\u00f3n de Datos<\/a><\/strong><\/h4>\n<\/td>\n<\/tr>\n<tr>\n<td style=\"vertical-align: middle;\" width=\"154\">\n<p style=\"margin: 0;\" align=\"center\"><strong>Responsable<\/strong><\/p>\n<\/td>\n<td style=\"vertical-align: middle;\" width=\"430\">\n<p style=\"margin: 10px;\">Cygyc Biocon, S.L.<\/p>\n<\/td>\n<\/tr>\n<tr>\n<td style=\"vertical-align: middle;\" width=\"154\">\n<p style=\"margin: 0;\" align=\"center\"><strong>Finalidad<\/strong><\/p>\n<\/td>\n<td style=\"vertical-align: middle;\" width=\"430\">\n<p style=\"margin: 10px;\">Gestionar las consultas recibidas para contactar con el usuario.<\/p>\n<\/td>\n<\/tr>\n<tr>\n<td style=\"vertical-align: middle;\" width=\"154\">\n<p style=\"margin: 0;\" align=\"center\"><strong>Legitimaci\u00f3n<\/strong><\/p>\n<\/td>\n<td style=\"vertical-align: middle;\" width=\"430\">\n<p style=\"margin: 10px;\">Consentimiento del interesado en la aceptaci\u00f3n de la pol\u00edtica de privacidad.<\/p>\n<\/td>\n<\/tr>\n<tr>\n<td style=\"vertical-align: middle;\" width=\"154\">\n<p style=\"margin: 0;\" align=\"center\"><strong>Procedencia<\/strong><\/p>\n<\/td>\n<td style=\"vertical-align: middle;\" width=\"430\">\n<p style=\"margin: 10px;\">Datos introducidos en cualquier formulario de contacto y\/o correos electr\u00f3nicos.<\/p>\n<\/td>\n<\/tr>\n<tr>\n<td style=\"vertical-align: middle;\" width=\"154\">\n<p style=\"margin: 0;\" align=\"center\"><strong>Destinatarios<\/strong><\/p>\n<\/td>\n<td style=\"vertical-align: middle;\" width=\"430\">\n<p style=\"margin: 10px;\">Encargados del tratamiento con sede en Espa\u00f1a.<\/p>\n<\/td>\n<\/tr>\n<tr>\n<td style=\"vertical-align: middle;\" width=\"154\">\n<p style=\"margin: 0;\" align=\"center\"><strong>Derechos<\/strong><\/p>\n<\/td>\n<td style=\"vertical-align: middle;\" width=\"430\">\n<p style=\"margin: 10px;\">Acceder, rectificar y suprimir los datos, as\u00ed como otros derechos, como se explica en el correspondiente apartado.<\/p>\n<\/td>\n<\/tr>\n<tr>\n<td style=\"vertical-align: middle;\" width=\"154\">\n<p style=\"margin: 0;\" align=\"center\"><strong>Pol\u00edtica de cookies<\/strong><\/p>\n<\/td>\n<td style=\"vertical-align: middle;\" width=\"430\">\n<p style=\"margin: 10px;\">Se utilizan cookies estad\u00edsticas.<\/p>\n<\/td>\n<\/tr>\n<tr>\n<td style=\"vertical-align: middle;\" width=\"154\">\n<p style=\"margin: 0;\" align=\"center\"><strong>Informaci\u00f3n adicional<\/strong><\/p>\n<\/td>\n<td style=\"vertical-align: middle;\" width=\"430\">\n<p style=\"margin: 10px;\">Puede consultar la informaci\u00f3n adicional y detallada sobre Protecci\u00f3n de Datos en el desglose de apartados que le presentamos a continuaci\u00f3n (segunda capa informativa).<\/p>\n<\/td>\n<\/tr>\n<\/tbody>\n<\/table>\n<\/div>\n<\/div>\n","protected":false},"excerpt":{"rendered":"<p>CYGYC BIOCON, S.L. C\/ B\u00e8lgica, 5 (Pol. Ind. Pla de Llerona) 08520 Les Franqueses del Vall\u00e8s Barcelona &#8211; Spain Informaci\u00f3n b\u00e1sica sobre Protecci\u00f3n de Datos Responsable Cygyc Biocon, S.L. Finalidad Gestionar las consultas recibidas para contactar con el usuario. Legitimaci\u00f3n Consentimiento del interesado en la aceptaci\u00f3n de la pol\u00edtica de privacidad. Procedencia Datos introducidos en [&hellip;]<\/p>\n","protected":false},"author":1,"featured_media":0,"parent":0,"menu_order":0,"comment_status":"closed","ping_status":"closed","template":"contact.php","meta":{"_acf_changed":false,"footnotes":""},"class_list":["post-549","page","type-page","status-publish","hentry"],"acf":[],"_links":{"self":[{"href":"http:\/\/questcatio.com\/ca\/wp-json\/wp\/v2\/pages\/549","targetHints":{"allow":["GET"]}}],"collection":[{"href":"http:\/\/questcatio.com\/ca\/wp-json\/wp\/v2\/pages"}],"about":[{"href":"http:\/\/questcatio.com\/ca\/wp-json\/wp\/v2\/types\/page"}],"author":[{"embeddable":true,"href":"http:\/\/questcatio.com\/ca\/wp-json\/wp\/v2\/users\/1"}],"replies":[{"embeddable":true,"href":"http:\/\/questcatio.com\/ca\/wp-json\/wp\/v2\/comments?post=549"}],"version-history":[{"count":12,"href":"http:\/\/questcatio.com\/ca\/wp-json\/wp\/v2\/pages\/549\/revisions"}],"predecessor-version":[{"id":907,"href":"http:\/\/questcatio.com\/ca\/wp-json\/wp\/v2\/pages\/549\/revisions\/907"}],"wp:attachment":[{"href":"http:\/\/questcatio.com\/ca\/wp-json\/wp\/v2\/media?parent=549"}],"curies":[{"name":"wp","href":"https:\/\/api.w.org\/{rel}","templated":true}]}}