{"id":439,"date":"2017-02-24T14:40:06","date_gmt":"2017-02-24T14:40:06","guid":{"rendered":"https:\/\/questcatio.com\/grupo\/"},"modified":"2018-02-07T12:15:15","modified_gmt":"2018-02-07T12:15:15","slug":"grup","status":"publish","type":"page","link":"http:\/\/questcatio.com\/ca\/empresa\/grup\/","title":{"rendered":"Grup"},"content":{"rendered":"<div class=\"tailor-element tailor-section tailor-58b547eeb8e84\">\n<div class=\"tailor-section__content\">\n<div class=\"tailor-element tailor-row desktop-columns tailor-58b547eeb8e87\">\n<div class=\"tailor-column tailor-58b547eeb8e83\">\n<div class=\"tailor-element tailor-content company__group biocon tailor-58b547eeb8e82\">\n<p><img loading=\"lazy\" decoding=\"async\" class=\"alignnone wp-image-611 size-full\" src=\"http:\/\/questcatio.com\/wp-content\/uploads\/2017\/02\/questcatio_imagen1.png\" width=\"101\" height=\"44\" \/><br \/>\nDes del 1970, \u00e9s l\u2019empresa independent l\u00edder a Espanya en l\u2019elaboraci\u00f3 i comercialitzaci\u00f3 d\u2019enzims.<\/p>\n<p><a style=\"font-weight: bold;\" href=\"http:\/\/biocon.es\/\" target=\"_blank\" rel=\"noopener\"> Visita la p\u00e0gina web<\/a><\/p>\n<\/div>\n<div class=\"tailor-element tailor-content company__group biocon tailor-58b547eeb8e82\"><img decoding=\"async\" class=\"alignnone wp-image-821 size-full\" src=\"http:\/\/questcatio.com\/wp-content\/uploads\/2018\/01\/biokatal.png\" alt=\"\" width=\"130\" \/><br \/>\n<span>BIOKATAL ofereix a la Ind\u00fastria una extensa gamma d\u2019enzims i productes biol\u00f2gics d\u2019altes prestacions, obtinguts a partir de recursos sostenibles, que presenten una baixa perillositat i un m\u00ednim impacte mediambiental.<\/span><\/p>\n<p><a style=\"font-weight: bold;\" href=\"http:\/\/biokatal.com\" target=\"_blank\" rel=\"noopener\">Visita la p\u00e0gina web<\/a><\/p>\n<\/div>\n<\/div>\n<div class=\"tailor-column tailor-58b547eeb8e86\">\n<div class=\"tailor-element tailor-content company__group oxa tailor-58b547eeb8e85\">\n<p><img loading=\"lazy\" decoding=\"async\" class=\"alignnone wp-image-612 size-full\" src=\"http:\/\/questcatio.com\/wp-content\/uploads\/2017\/02\/questcatio_imagen2.png\" width=\"109\" height=\"49\" \/><br \/>\n<strong>CYGYC IND\u00daSTRIA QU\u00cdMICA<\/strong><\/p>\n<p>OXA Chemical Specialties \u00e9s la marca de CYGYC IND\u00daSTRIA QU\u00cdMICA dedicada a I+D i la fabricaci\u00f3 de productes detergents i desinfectants per a la ind\u00fastria aliment\u00e0ria, la hostaleria i la agricultura.<\/p>\n<p><a style=\"font-weight: bold;\" href=\"http:\/\/www.cygyc.com\/\" target=\"_blank\" rel=\"noopener\"> Visita la p\u00e0gina web<\/a><\/p>\n<\/div>\n<p style=\"text-align: left;\">\n<\/div>\n<\/div>\n<\/div>\n<\/div>\n","protected":false},"excerpt":{"rendered":"<p>Des del 1970, \u00e9s l\u2019empresa independent l\u00edder a Espanya en l\u2019elaboraci\u00f3 i comercialitzaci\u00f3 d\u2019enzims. Visita la p\u00e0gina web BIOKATAL ofereix a la Ind\u00fastria una extensa gamma d\u2019enzims i productes biol\u00f2gics d\u2019altes prestacions, obtinguts a partir de recursos sostenibles, que presenten una baixa perillositat i un m\u00ednim impacte mediambiental. Visita la p\u00e0gina web CYGYC IND\u00daSTRIA QU\u00cdMICA [&hellip;]<\/p>\n","protected":false},"author":1,"featured_media":0,"parent":553,"menu_order":3,"comment_status":"closed","ping_status":"closed","template":"company.php","meta":{"_acf_changed":false,"footnotes":""},"class_list":["post-439","page","type-page","status-publish","hentry"],"acf":[],"_links":{"self":[{"href":"http:\/\/questcatio.com\/ca\/wp-json\/wp\/v2\/pages\/439","targetHints":{"allow":["GET"]}}],"collection":[{"href":"http:\/\/questcatio.com\/ca\/wp-json\/wp\/v2\/pages"}],"about":[{"href":"http:\/\/questcatio.com\/ca\/wp-json\/wp\/v2\/types\/page"}],"author":[{"embeddable":true,"href":"http:\/\/questcatio.com\/ca\/wp-json\/wp\/v2\/users\/1"}],"replies":[{"embeddable":true,"href":"http:\/\/questcatio.com\/ca\/wp-json\/wp\/v2\/comments?post=439"}],"version-history":[{"count":20,"href":"http:\/\/questcatio.com\/ca\/wp-json\/wp\/v2\/pages\/439\/revisions"}],"predecessor-version":[{"id":853,"href":"http:\/\/questcatio.com\/ca\/wp-json\/wp\/v2\/pages\/439\/revisions\/853"}],"up":[{"embeddable":true,"href":"http:\/\/questcatio.com\/ca\/wp-json\/wp\/v2\/pages\/553"}],"wp:attachment":[{"href":"http:\/\/questcatio.com\/ca\/wp-json\/wp\/v2\/media?parent=439"}],"curies":[{"name":"wp","href":"https:\/\/api.w.org\/{rel}","templated":true}]}}