{"id":437,"date":"2017-02-24T14:39:52","date_gmt":"2017-02-24T14:39:52","guid":{"rendered":"https:\/\/questcatio.com\/politica-de-calidad\/"},"modified":"2021-01-13T17:02:53","modified_gmt":"2021-01-13T17:02:53","slug":"politica-de-qualitat-i-medi-ambient","status":"publish","type":"page","link":"http:\/\/questcatio.com\/ca\/empresa\/politica-de-qualitat-i-medi-ambient\/","title":{"rendered":"Politica de qualitat i medi ambient"},"content":{"rendered":"<div class=\"tailor-element tailor-section tailor-58b53dba8ddd3\">\n<div class=\"tailor-section__content\">\n<div class=\"tailor-element tailor-content tailor-58b53dba8ddd4\">\n<p><b>Pol\u00edtica de Qualitat i Medi Ambient<\/b><\/p>\n<p><b>\u201cAconseguir la confian\u00e7a dels nostres clients, satisfent les seves expectatives en relaci\u00f3 als nostres productes i serveis alhora que treballem per prevenir la contaminaci\u00f3 mediambiental\u201d<\/b><\/p>\n<p><span style=\"font-weight: 400;\">&#8211; Per aconseguir aquesta confian\u00e7a, ens centrarem en els seg\u00fcents aspectes fonamentals:<\/span><\/p>\n<p><span style=\"font-weight: 400;\">&#8211; Implantar i promoure, a tots els nivells organitzatius, el Sistema de Gesti\u00f3 de la Qualitat i el Medi Ambient, com a element fonamental per tal d\u2019assegurar el nivell de qualitat \u00a0i la protecci\u00f3 del medi ambient.<\/span><\/p>\n<p><span style=\"font-weight: 400;\">&#8211; Basar el funcionament dels processos en el cicle Planificar-Fer-Verificar i Actuar de manera que hi hagi un seguiment continu de l\u2019acompliment per aconseguir la millora cont\u00ednua.<\/span><\/p>\n<p><span style=\"font-weight: 400;\">&#8211; Definici\u00f3 d&#8217;objectius i indicadors anuals per a <\/span><span>CYGYC BIOCON, S. L<\/span><b>.<\/b><span style=\"font-weight: 400;\"> i el seu seguiment per part dels responsables del sistema i direcci\u00f3.<\/span><\/p>\n<p><span style=\"font-weight: 400;\">&#8211; Definici\u00f3 correcta i precisa dels processos a seguir en totes les unitats organitzatives.<\/span><\/p>\n<p><span style=\"font-weight: 400;\">&#8211; Definici\u00f3 correcta de les responsabilitats, les funcions i les relacions entre el personal que realitza, dirigeix i verifica qualsevol treball que afecti la Qualitat del servei i el Medi Ambient.<\/span><\/p>\n<p><span style=\"font-weight: 400;\">&#8211; Definici\u00f3 i compliment de tots els requisits legals i altres aplicables a la nostra activitat.<\/span><\/p>\n<p><span style=\"font-weight: 400;\">&#8211; Vetllar pel manteniment de la correcta tra\u00e7abilitat en els nostres processos i dels nostres productes.<\/span><\/p>\n<p><span style=\"font-weight: 400;\">&#8211; Comprom\u00eds amb el compliment dels requeriments alimentaris espec\u00edfics de les normes Halal i Kosher.<\/span><\/p>\n<p><span style=\"font-weight: 400;\">&#8211; An\u00e0lisi i avaluaci\u00f3 de riscos dels diferents processos.<\/span><\/p>\n<p><span style=\"font-weight: 400;\">&#8211; An\u00e0lisi i gesti\u00f3 de les desviacions observades amb intenci\u00f3 correctora.<\/span><\/p>\n<p><span style=\"font-weight: 400;\">&#8211; Eliminar, reduir o controlar els aspectes ambientals significatius associats a les activitats de l\u2019empresa, considerant el cicle de vida del producte. Realitzar una revisi\u00f3 peri\u00f2dica d\u2019aquests aspectes. <\/span><\/p>\n<p><span style=\"font-weight: 400;\">&#8211; Establir els mecanismes per detectar les necessitats i la satisfacci\u00f3 de les parts interessades, a trav\u00e9s d\u2019una constant comunicaci\u00f3. <\/span><\/p>\n<p><span style=\"font-weight: 400;\">Amb el Sistema de Gesti\u00f3 de la Qualitat (UNE-EN-ISO 9001:2015) \u00a0i el Medi Ambient (UNE-EN-ISO 14001:2015) volem assolir la m\u00e0xima satisfacci\u00f3 del client, efici\u00e8ncia i una millor gesti\u00f3 dels recursos\u00a0disponibles i, d&#8217;aquesta manera, estar preparats per afrontar els canvis que s\u2019esdevenen en el nostre entorn econ\u00f2mic transformant-los en oportunitats.<\/span><\/p>\n<\/div>\n<\/div>\n<\/div>\n","protected":false},"excerpt":{"rendered":"<p>Pol\u00edtica de Qualitat i Medi Ambient \u201cAconseguir la confian\u00e7a dels nostres clients, satisfent les seves expectatives en relaci\u00f3 als nostres productes i serveis alhora que treballem per prevenir la contaminaci\u00f3 mediambiental\u201d &#8211; Per aconseguir aquesta confian\u00e7a, ens centrarem en els seg\u00fcents aspectes fonamentals: &#8211; Implantar i promoure, a tots els nivells organitzatius, el Sistema de [&hellip;]<\/p>\n","protected":false},"author":1,"featured_media":0,"parent":553,"menu_order":2,"comment_status":"closed","ping_status":"closed","template":"company.php","meta":{"_acf_changed":false,"footnotes":""},"class_list":["post-437","page","type-page","status-publish","hentry"],"acf":[],"_links":{"self":[{"href":"http:\/\/questcatio.com\/ca\/wp-json\/wp\/v2\/pages\/437","targetHints":{"allow":["GET"]}}],"collection":[{"href":"http:\/\/questcatio.com\/ca\/wp-json\/wp\/v2\/pages"}],"about":[{"href":"http:\/\/questcatio.com\/ca\/wp-json\/wp\/v2\/types\/page"}],"author":[{"embeddable":true,"href":"http:\/\/questcatio.com\/ca\/wp-json\/wp\/v2\/users\/1"}],"replies":[{"embeddable":true,"href":"http:\/\/questcatio.com\/ca\/wp-json\/wp\/v2\/comments?post=437"}],"version-history":[{"count":8,"href":"http:\/\/questcatio.com\/ca\/wp-json\/wp\/v2\/pages\/437\/revisions"}],"predecessor-version":[{"id":955,"href":"http:\/\/questcatio.com\/ca\/wp-json\/wp\/v2\/pages\/437\/revisions\/955"}],"up":[{"embeddable":true,"href":"http:\/\/questcatio.com\/ca\/wp-json\/wp\/v2\/pages\/553"}],"wp:attachment":[{"href":"http:\/\/questcatio.com\/ca\/wp-json\/wp\/v2\/media?parent=437"}],"curies":[{"name":"wp","href":"https:\/\/api.w.org\/{rel}","templated":true}]}}