{"id":435,"date":"2017-02-24T14:39:34","date_gmt":"2017-02-24T14:39:34","guid":{"rendered":"https:\/\/questcatio.com\/quienes-somos\/"},"modified":"2019-12-18T17:12:05","modified_gmt":"2019-12-18T17:12:05","slug":"qui-som","status":"publish","type":"page","link":"http:\/\/questcatio.com\/ca\/empresa\/qui-som\/","title":{"rendered":"Qui som"},"content":{"rendered":"<p><strong>QUESTCATIO<\/strong>, es una marca de\u00a0<strong>CYGYC BIOCON S.L.<\/strong>\u00a0empresa resultante de la fusi\u00f3n entre las empresas hermanas <strong>CYGYC INDUSTRIA QUIMICA, S.A<\/strong>. Y <strong>BIOCON ESPA\u00d1OLA, S.A.<\/strong>, L\u00edderes las dos, en la fabricaci\u00f3n y suministro de especialidades qu\u00edmicas.<\/p>\n<p><span>Amb els nostres productes, aportem la tecnologia i el servei adequats per a millorar les prestacions dels productes de neteja per al mercat dom\u00e8stic i industrial, reduint-hi els costos d\u2019operaci\u00f3.<\/span><\/p>\n<p><span><strong>QUESTCATIO<\/strong> fabrica formulacions Premium de fosfonats, coadjuvants i tensioactius per a productes d\u2019altes prestacions, que milloren l\u2019efic\u00e0cia detergent, maximitzen la seguretat i redueixen l\u2019impacte medi-ambiental.<\/span><\/p>\n<p><span><strong>QUESTCATIO<\/strong> t\u00e9 la determinaci\u00f3 de mantenir-se en una posici\u00f3 l\u00edder com a subministrador de fosfonats i especialitats qu\u00edmiques als fabricants de detergents. Nom\u00e9s el nostre esfor\u00e7 continuat en mantenir el comprom\u00eds de satisfer les necessitats dels nostres clients pot assegurar el nostre \u00e8xit a llarg termini.<\/span><\/p>\n","protected":false},"excerpt":{"rendered":"<p>QUESTCATIO, es una marca de\u00a0CYGYC BIOCON S.L.\u00a0empresa resultante de la fusi\u00f3n entre las empresas hermanas CYGYC INDUSTRIA QUIMICA, S.A. Y BIOCON ESPA\u00d1OLA, S.A., L\u00edderes las dos, en la fabricaci\u00f3n y suministro de especialidades qu\u00edmicas. Amb els nostres productes, aportem la tecnologia i el servei adequats per a millorar les prestacions dels productes de neteja per [&hellip;]<\/p>\n","protected":false},"author":1,"featured_media":0,"parent":553,"menu_order":1,"comment_status":"closed","ping_status":"closed","template":"company.php","meta":{"_acf_changed":false,"footnotes":""},"class_list":["post-435","page","type-page","status-publish","hentry"],"acf":[],"_links":{"self":[{"href":"http:\/\/questcatio.com\/ca\/wp-json\/wp\/v2\/pages\/435","targetHints":{"allow":["GET"]}}],"collection":[{"href":"http:\/\/questcatio.com\/ca\/wp-json\/wp\/v2\/pages"}],"about":[{"href":"http:\/\/questcatio.com\/ca\/wp-json\/wp\/v2\/types\/page"}],"author":[{"embeddable":true,"href":"http:\/\/questcatio.com\/ca\/wp-json\/wp\/v2\/users\/1"}],"replies":[{"embeddable":true,"href":"http:\/\/questcatio.com\/ca\/wp-json\/wp\/v2\/comments?post=435"}],"version-history":[{"count":5,"href":"http:\/\/questcatio.com\/ca\/wp-json\/wp\/v2\/pages\/435\/revisions"}],"predecessor-version":[{"id":916,"href":"http:\/\/questcatio.com\/ca\/wp-json\/wp\/v2\/pages\/435\/revisions\/916"}],"up":[{"embeddable":true,"href":"http:\/\/questcatio.com\/ca\/wp-json\/wp\/v2\/pages\/553"}],"wp:attachment":[{"href":"http:\/\/questcatio.com\/ca\/wp-json\/wp\/v2\/media?parent=435"}],"curies":[{"name":"wp","href":"https:\/\/api.w.org\/{rel}","templated":true}]}}